{"id":2,"date":"2016-02-18T17:11:05","date_gmt":"2016-02-18T17:11:05","guid":{"rendered":"http:\/\/www.yayladeredernegi.com.tr\/?page_id=2"},"modified":"2016-02-19T16:36:47","modified_gmt":"2016-02-19T14:36:47","slug":"about","status":"publish","type":"page","link":"https:\/\/www.yayladeredernegi.com.tr\/?page_id=2","title":{"rendered":"Dernek Tarih\u00e7esi"},"content":{"rendered":"<p>G\u00fcn\u00fcm\u00fczde toplumsal ya\u015fam\u0131n adeta bir par\u00e7as\u0131 haline gelmi\u015f bulunan \u00f6rg\u00fctle\u015fme ya da bir arada bulunma g\u00fcd\u00fcs\u00fcn\u00fcn k\u00f6y\u00fcm\u00fczdeki yans\u0131mas\u0131 olan derne\u011fimiz, asl\u0131nda bilinenin aksine \u00e7ok k\u00f6kl\u00fc bir ge\u00e7mi\u015fe sahip oldu\u011fu gibi ayn\u0131 zamanda bug\u00fcnlere gelinceye kadar ge\u00e7irdi\u011fi geli\u015fim s\u00fcrecine katk\u0131da bulunan, emek sarf eden bir\u00e7ok emektara sahiptir.<\/p>\n<p>\u015e\u00f6yle ki ilk dernek faaliyetleri 1967 y\u0131l\u0131nda yani bundan tam nerdeyse yar\u0131m as\u0131r \u00f6nce Hanefi G\u00dcNDO\u011eDU taraf\u0131ndan ba\u015flat\u0131lm\u0131\u015ft\u0131r. 1967 y\u0131l\u0131 ortalar\u0131nda ise Kadir YILDIZ ve Yusuf ERDEM\u2019 in \u00e7abalar\u0131 sayesinde resmiyet kazanm\u0131\u015ft\u0131r.<\/p>\n<p>Daha sonra 1967-1972 y\u0131llar\u0131 aras\u0131nda 6 ay s\u00fcreyle Yusuf Erdem Bey ba\u015fkanl\u0131\u011f\u0131nda yoluna devam etmi\u015ftir. Bu s\u00fcrenin sonunda yap\u0131lan se\u00e7im neticesinde ba\u015fkanl\u0131\u011f\u0131 devralan Nurettin \u00c7EL\u0130K, 1973-1980 y\u0131llar\u0131 aras\u0131nda derne\u011fimize hizmet vermi\u015ftir.<\/p>\n<p>1980 askeri ihtilali ile birlikte derneklerin feshedilmesi neticesinde derne\u011fimiz hizmetlerine zorunlu olarak ara vermi\u015f; Ancak 1988 y\u0131l\u0131nda tekrar kurulma \u00e7al\u0131\u015fmalar\u0131na ba\u015flanm\u0131\u015ft\u0131r.<\/p>\n<p>Bu \u00e7al\u0131\u015fmalar kapsam\u0131nda ilk me\u015fale Mavi Marmara toplant\u0131 salonunda ge\u00e7ici ba\u015fkan olarak se\u00e7ilen Ayd\u0131n YILDIZ taraf\u0131ndan yak\u0131lm\u0131\u015f ve 50 gen\u00e7 y\u00fcrekle yola \u00e7\u0131k\u0131lm\u0131\u015ft\u0131r. Resmi kurulu\u015fa kadar ge\u00e7ici Ayd\u0131n Y\u0131ld\u0131z\u2019\u0131n\u00a0 ba\u015fkanl\u0131k\u00a0 yapt\u0131\u011f\u0131 derne\u011fimiz 1992 y\u0131l\u0131nda resmi olarak tekrar kurulmu\u015ftur.<\/p>\n<p>1992 y\u0131l\u0131ndan itibaren de yoluna aral\u0131ks\u0131z olarak devam etmekte olan derne\u011fimiz, g\u00fcn\u00fcm\u00fcze gelinceye kadar iyisiyle k\u00f6t\u00fcs\u00fcyle art\u0131s\u0131 ya da aksisiyle k\u00f6y\u00fcm\u00fcz\u00fcn bir yandan sosyal ve ekonomik a\u00e7\u0131dan kalk\u0131nmas\u0131 i\u00e7in \u00e7abalarken bir yandan da alt yap\u0131sal sorunlar\u0131 yan\u0131nda fiziki g\u00f6r\u00fcn\u00fcm olarak da daha g\u00fczel bir yap\u0131ya kavu\u015fmas\u0131 i\u00e7in el birli\u011fi ile \u00e7al\u0131\u015fm\u0131\u015f olup, bundan sonrada vizyonunu geni\u015fletmek i\u00e7in daha da \u00e7al\u0131\u015facakt\u0131r.<\/p>\n","protected":false},"excerpt":{"rendered":"<p>G\u00fcn\u00fcm\u00fczde toplumsal ya\u015fam\u0131n adeta bir par\u00e7as\u0131 haline gelmi\u015f bulunan \u00f6rg\u00fctle\u015fme ya da bir arada bulunma g\u00fcd\u00fcs\u00fcn\u00fcn k\u00f6y\u00fcm\u00fczdeki yans\u0131mas\u0131 olan derne\u011fimiz, asl\u0131nda bilinenin aksine \u00e7ok k\u00f6kl\u00fc bir ge\u00e7mi\u015fe sahip oldu\u011fu gibi ayn\u0131 zamanda bug\u00fcnlere gelinceye kadar ge\u00e7irdi\u011fi geli\u015fim s\u00fcrecine katk\u0131da bulunan, emek sarf eden bir\u00e7ok emektara sahiptir. \u015e\u00f6yle ki ilk dernek faaliyetleri 1967 y\u0131l\u0131nda yani bundan [&hellip;]<\/p>\n","protected":false},"author":1,"featured_media":0,"parent":0,"menu_order":0,"comment_status":"open","ping_status":"open","template":"","meta":{"footnotes":""},"class_list":["post-2","page","type-page","status-publish","hentry"],"_links":{"self":[{"href":"https:\/\/www.yayladeredernegi.com.tr\/index.php?rest_route=\/wp\/v2\/pages\/2","targetHints":{"allow":["GET"]}}],"collection":[{"href":"https:\/\/www.yayladeredernegi.com.tr\/index.php?rest_route=\/wp\/v2\/pages"}],"about":[{"href":"https:\/\/www.yayladeredernegi.com.tr\/index.php?rest_route=\/wp\/v2\/types\/page"}],"author":[{"embeddable":true,"href":"https:\/\/www.yayladeredernegi.com.tr\/index.php?rest_route=\/wp\/v2\/users\/1"}],"replies":[{"embeddable":true,"href":"https:\/\/www.yayladeredernegi.com.tr\/index.php?rest_route=%2Fwp%2Fv2%2Fcomments&post=2"}],"version-history":[{"count":2,"href":"https:\/\/www.yayladeredernegi.com.tr\/index.php?rest_route=\/wp\/v2\/pages\/2\/revisions"}],"predecessor-version":[{"id":70,"href":"https:\/\/www.yayladeredernegi.com.tr\/index.php?rest_route=\/wp\/v2\/pages\/2\/revisions\/70"}],"wp:attachment":[{"href":"https:\/\/www.yayladeredernegi.com.tr\/index.php?rest_route=%2Fwp%2Fv2%2Fmedia&parent=2"}],"curies":[{"name":"wp","href":"https:\/\/api.w.org\/{rel}","templated":true}]}}