{"id":109,"date":"2016-02-20T01:35:47","date_gmt":"2016-02-19T23:35:47","guid":{"rendered":"http:\/\/www.yayladeredernegi.com.tr\/?page_id=109"},"modified":"2017-01-06T11:15:02","modified_gmt":"2017-01-06T08:15:02","slug":"dugun-nisan","status":"publish","type":"page","link":"https:\/\/www.yayladeredernegi.com.tr\/?page_id=109","title":{"rendered":"D\u00fc\u011f\u00fcn &#038; Ni\u015fan"},"content":{"rendered":"<p><iframe loading=\"lazy\" src=\"https:\/\/calendar.google.com\/calendar\/embed?showPrint=0&amp;showTabs=0&amp;showCalendars=0&amp;height=400&amp;wkst=2&amp;bgcolor=%2366ff99&amp;src=vfvpo3sva5qoursvotp6h7p8h8%40group.calendar.google.com&amp;color=%23711616&amp;ctz=Europe%2FIstanbul\" style=\"border:solid 1px #777\" width=\"500\" height=\"500\" frameborder=\"0\" scrolling=\"no\"><\/iframe><\/p>\n","protected":false},"excerpt":{"rendered":"","protected":false},"author":1,"featured_media":23927,"parent":0,"menu_order":0,"comment_status":"closed","ping_status":"closed","template":"","meta":{"footnotes":""},"class_list":["post-109","page","type-page","status-publish","has-post-thumbnail","hentry"],"_links":{"self":[{"href":"https:\/\/www.yayladeredernegi.com.tr\/index.php?rest_route=\/wp\/v2\/pages\/109","targetHints":{"allow":["GET"]}}],"collection":[{"href":"https:\/\/www.yayladeredernegi.com.tr\/index.php?rest_route=\/wp\/v2\/pages"}],"about":[{"href":"https:\/\/www.yayladeredernegi.com.tr\/index.php?rest_route=\/wp\/v2\/types\/page"}],"author":[{"embeddable":true,"href":"https:\/\/www.yayladeredernegi.com.tr\/index.php?rest_route=\/wp\/v2\/users\/1"}],"replies":[{"embeddable":true,"href":"https:\/\/www.yayladeredernegi.com.tr\/index.php?rest_route=%2Fwp%2Fv2%2Fcomments&post=109"}],"version-history":[{"count":86,"href":"https:\/\/www.yayladeredernegi.com.tr\/index.php?rest_route=\/wp\/v2\/pages\/109\/revisions"}],"predecessor-version":[{"id":23975,"href":"https:\/\/www.yayladeredernegi.com.tr\/index.php?rest_route=\/wp\/v2\/pages\/109\/revisions\/23975"}],"wp:featuredmedia":[{"embeddable":true,"href":"https:\/\/www.yayladeredernegi.com.tr\/index.php?rest_route=\/wp\/v2\/media\/23927"}],"wp:attachment":[{"href":"https:\/\/www.yayladeredernegi.com.tr\/index.php?rest_route=%2Fwp%2Fv2%2Fmedia&parent=109"}],"curies":[{"name":"wp","href":"https:\/\/api.w.org\/{rel}","templated":true}]}}